{"id":233,"date":"2021-11-21T11:38:43","date_gmt":"2021-11-21T14:38:43","guid":{"rendered":"https:\/\/eficons.com\/?page_id=233"},"modified":"2022-01-05T16:54:48","modified_gmt":"2022-01-05T19:54:48","slug":"sistema-constructivo","status":"publish","type":"page","link":"https:\/\/eficons.com\/?page_id=233","title":{"rendered":"Sistema constructivo"},"content":{"rendered":"\t<section class=\"section\" id=\"section_397847108\">\n\t\t<div class=\"bg section-bg fill bg-fill  bg-loaded\" >\n\n\t\t\t\n\t\t\t\n\t\t\t\n\n\t\t<\/div>\n\n\t\t<div class=\"section-content relative\">\n\t\t\t\n<div class=\"row row-large align-center row-divided\"  id=\"row-2019580559\">\n\n\t<div id=\"col-572338982\" class=\"col large-12\"  >\n\t\t\t\t<div class=\"col-inner text-center\"  >\n\t\t\t\n\t\t\t\n\t<div id=\"gap-1276285069\" class=\"gap-element clearfix\" style=\"display:block; height:auto;\">\n\t\t\n<style>\n#gap-1276285069 {\n  padding-top: 30px;\n}\n<\/style>\n\t<\/div>\n\t\n\t<div id=\"text-235895462\" class=\"text\">\n\t\t\n<h1 style=\"color: #ffffff\">SISTEMA CONSTRUCTIVO: CONCREHAUS<\/h1>\n\t\t\n<style>\n#text-235895462 {\n  text-align: center;\n}\n<\/style>\n\t<\/div>\n\t\n\t\t<\/div>\n\t\t\t\t\n<style>\n#col-572338982 > .col-inner {\n  padding: 20px 0px 20px 0px;\n}\n<\/style>\n\t<\/div>\n\n\t\n<\/div>\n\t\t<\/div>\n\n\t\t\n<style>\n#section_397847108 {\n  padding-top: 0px;\n  padding-bottom: 0px;\n  background-color: rgb(0, 200, 111);\n}\n<\/style>\n\t<\/section>\n\t\n\t<section class=\"section\" id=\"section_1985670020\">\n\t\t<div class=\"bg section-bg fill bg-fill  bg-loaded\" >\n\n\t\t\t\n\t\t\t\n\t\t\t\n\n\t\t<\/div>\n\n\t\t<div class=\"section-content relative\">\n\t\t\t\n<div class=\"row row-large align-center row-divided\"  id=\"row-1245254142\">\n\n\t<div id=\"col-1802149065\" class=\"col medium-6 large-6\"  >\n\t\t\t\t<div class=\"col-inner\"  >\n\t\t\t\n\t\t\t\n\t<div id=\"text-2982155271\" class=\"text\">\n\t\t\n<h2 style=\"color: #00c86f;\" id=\"abous-us\">\u00bfQUE ES?<\/h2>\n\t\t\n<style>\n#text-2982155271 {\n  text-align: left;\n}\n<\/style>\n\t<\/div>\n\t\n\t<div id=\"gap-684541238\" class=\"gap-element clearfix\" style=\"display:block; height:auto;\">\n\t\t\n<style>\n#gap-684541238 {\n  padding-top: 15px;\n}\n<\/style>\n\t<\/div>\n\t\n<p><strong>Concrehaus<\/strong> es una tecnolog\u00eda constructiva que consta de paneles monol\u00edticos estructurales formados por un n\u00facleo de <strong>EPS Isopor o Neotech<\/strong> y mallas de acero de alta resistencia. Los paneles, junto con el concreto proyectado, se transforman en una estructura continua de gran capacidad portante.<\/p>\n<p>Esta innovadora tecnolog\u00eda permite construir integralmente viviendas o cerramientos de edificios en altura con gran facilidad y elevando la productividad de los recursos de la obra.<\/p>\n\t<div id=\"gap-895508492\" class=\"gap-element clearfix\" style=\"display:block; height:auto;\">\n\t\t\n<style>\n#gap-895508492 {\n  padding-top: 20px;\n}\n<\/style>\n\t<\/div>\n\t\n<a href=\"https:\/\/eficons.com\/wp-content\/uploads\/2021\/11\/Concrehaus-Memoria-Descriptiva.pdf\" target=\"_self\" class=\"button primary is-gradient is-small\"  >\n    <span>descargar - MEMORIA DESCRIPTIVA<\/span>\n  <\/a>\n\n\t<div id=\"gap-1602910457\" class=\"gap-element clearfix\" style=\"display:block; height:auto;\">\n\t\t\n<style>\n#gap-1602910457 {\n  padding-top: 20px;\n}\n<\/style>\n\t<\/div>\n\t\n<a href=\"https:\/\/eficons.com\/wp-content\/uploads\/2021\/11\/Concrehaus-Folleto.pdf\" target=\"_self\" class=\"button primary is-gradient is-small\"  >\n    <span>descargar - FOLLETO CONCREHAUS<\/span>\n  <\/a>\n\n\t\t<\/div>\n\t\t\t\t\t<\/div>\n\n\t\n\n\t<div id=\"col-587866443\" class=\"col medium-6 large-6\"  >\n\t\t\t\t<div class=\"col-inner\"  >\n\t\t\t\n\t\t\t\n\t<div class=\"img has-hover x md-x lg-x y md-y lg-y\" id=\"image_203091158\">\n\t\t\t\t\t\t\t\t<div class=\"img-inner dark\" >\n\t\t\t<img loading=\"lazy\" decoding=\"async\" width=\"490\" height=\"451\" src=\"https:\/\/eficons.com\/wp-content\/uploads\/2021\/11\/foto-quees.png\" class=\"attachment-large size-large\" alt=\"\" srcset=\"https:\/\/eficons.com\/wp-content\/uploads\/2021\/11\/foto-quees.png 490w, https:\/\/eficons.com\/wp-content\/uploads\/2021\/11\/foto-quees-300x276.png 300w\" sizes=\"auto, (max-width: 490px) 100vw, 490px\" \/>\t\t\t\t\t\t\n\t\t\t\t\t<\/div>\n\t\t\t\t\t\t\t\t\n<style>\n#image_203091158 {\n  width: 90%;\n}\n<\/style>\n\t<\/div>\n\t\n\t\t<\/div>\n\t\t\t\t\t<\/div>\n\n\t\n<\/div>\n\t\t<\/div>\n\n\t\t\n<style>\n#section_1985670020 {\n  padding-top: 60px;\n  padding-bottom: 60px;\n  background-color: rgb(255, 255, 255);\n}\n<\/style>\n\t<\/section>\n\t\n\t<section class=\"section\" id=\"section_277538735\">\n\t\t<div class=\"bg section-bg fill bg-fill  bg-loaded\" >\n\n\t\t\t\n\t\t\t\n\t\t\t\n\n\t\t<\/div>\n\n\t\t<div class=\"section-content relative\">\n\t\t\t\n<div class=\"row row-large align-middle\"  id=\"row-432784129\">\n\n\t<div id=\"col-2129816675\" class=\"col small-12 large-12\"  >\n\t\t\t\t<div class=\"col-inner text-center\"  >\n\t\t\t\n\t\t\t\n<h2 style=\"color: #00c86f;\">AHORRE CONSTRUYENDO<\/h2>\n\t\t<\/div>\n\t\t\t\t\t<\/div>\n\n\t\n<\/div>\n<div class=\"row row-large align-middle\"  id=\"row-628508817\">\n\n\t<div id=\"col-1018898228\" class=\"col small-12 large-12\"  >\n\t\t\t\t<div class=\"col-inner text-center\"  >\n\t\t\t\n\t\t\t\n\t<div class=\"img has-hover x md-x lg-x y md-y lg-y\" id=\"image_1078539705\">\n\t\t\t\t\t\t\t\t<div class=\"img-inner dark\" >\n\t\t\t<img loading=\"lazy\" decoding=\"async\" width=\"686\" height=\"202\" src=\"https:\/\/eficons.com\/wp-content\/uploads\/2021\/11\/AAAAA.png\" class=\"attachment-large size-large\" alt=\"\" srcset=\"https:\/\/eficons.com\/wp-content\/uploads\/2021\/11\/AAAAA.png 686w, https:\/\/eficons.com\/wp-content\/uploads\/2021\/11\/AAAAA-300x88.png 300w\" sizes=\"auto, (max-width: 686px) 100vw, 686px\" \/>\t\t\t\t\t\t\n\t\t\t\t\t<\/div>\n\t\t\t\t\t\t\t\t\n<style>\n#image_1078539705 {\n  width: 100%;\n}\n@media (min-width:550px) {\n  #image_1078539705 {\n    width: 65%;\n  }\n}\n<\/style>\n\t<\/div>\n\t\n\t\t<\/div>\n\t\t\t\t\t<\/div>\n\n\t\n<\/div>\n\t\t<\/div>\n\n\t\t\n<style>\n#section_277538735 {\n  padding-top: 60px;\n  padding-bottom: 60px;\n  background-color: rgb(238, 238, 238);\n}\n<\/style>\n\t<\/section>\n\t\n\t<section class=\"section\" id=\"section_1882598076\">\n\t\t<div class=\"bg section-bg fill bg-fill  bg-loaded\" >\n\n\t\t\t\n\t\t\t\n\t\t\t\n\n\t\t<\/div>\n\n\t\t<div class=\"section-content relative\">\n\t\t\t\n<div class=\"row row-large align-middle\"  id=\"row-1595293201\">\n\n\t<div id=\"col-1166846521\" class=\"col small-12 large-12\"  >\n\t\t\t\t<div class=\"col-inner text-center\"  >\n\t\t\t\n\t\t\t\n<h2 style=\"color: #00c86f;\" id=\"ventajas\">VENTAJAS CONCREHAUS<\/h2>\n\t\t<\/div>\n\t\t\t\t\t<\/div>\n\n\t\n<\/div>\n<div class=\"row row-large align-middle\"  id=\"row-1184360034\">\n\n\t<div id=\"col-962763885\" class=\"col medium-3 small-12 large-3\"  >\n\t\t\t\t<div class=\"col-inner text-center\"  >\n\t\t\t\n\t\t\t\n<h5 >EXCELENTE AISLACI\u00d3N T\u00c9RMICA<\/h5>\n<p>Los n\u00facleos de EPS Isopor y Neotech aseguran una aislaci\u00f3n t\u00e9rmica muy superior a los sistemas de construcci\u00f3n tradicional.<\/p>\n\t\t<\/div>\n\t\t\t\t\t<\/div>\n\n\t\n\n\t<div id=\"col-1483074407\" class=\"col medium-3 small-12 large-3\"  >\n\t\t\t\t<div class=\"col-inner text-center\"  >\n\t\t\t\n\t\t\t\n<h5 >MAYOR CAPACIDAD ESTRUCTURAL<\/h5>\n<p>Logra una vivienda de gran solidez. No requiere estructura portante adicional: Concrehaus es su misma estructura.<\/p>\n\t\t<\/div>\n\t\t\t\t\t<\/div>\n\n\t\n\n\n\t<div id=\"col-867979676\" class=\"col medium-3 small-12 large-3\"  >\n\t\t\t\t<div class=\"col-inner text-center\"  >\n\t\t\t\n\t\t\t\n<h5 >MAYOR ECONOM\u00cdA <br \/>EN COSTOS<\/h5>\n<p>Con menor plazo de ejecuci\u00f3n, alcanzando un ahorro de hasta el 25% en costos directos respecto a la construcci\u00f3n tradicional.<\/p>\n\t\t<\/div>\n\t\t\t\t\t<\/div>\n\n\t\n\n\t<div id=\"col-2050279789\" class=\"col medium-3 small-12 large-3\"  >\n\t\t\t\t<div class=\"col-inner text-center\"  >\n\t\t\t\n\t\t\t\n<h5 >MAYOR VELOCIDAD DE EJECUCI\u00d3N<\/h5>\n<p>Asegura un ahorro de hasta un 50% de tiempo con niveles de producci\u00f3n y productividad impensables en otras tecnolog\u00edas.<\/p>\n\t\t<\/div>\n\t\t\t\t\t<\/div>\n\n\t\n\n<style>\n#row-1184360034 > .col > .col-inner {\n  padding: 20px 0px 0px 0px;\n}\n<\/style>\n<\/div>\n<div class=\"row row-large align-middle\"  id=\"row-429612822\">\n\n\t<div id=\"col-647904715\" class=\"col medium-3 small-12 large-3\"  >\n\t\t\t\t<div class=\"col-inner text-center\"  >\n\t\t\t\n\t\t\t\n<h5 >GRAN COMPORTAMIENTO AC\u00daSTICO<\/h5>\n<p>La combinaci\u00f3n del EPS y el concreto confieren a los muros un eficiente comportamiento ac\u00fastico frente a ruidos a\u00e9reos y s\u00f3lidos.<\/p>\n\t\t<\/div>\n\t\t\t\t\t<\/div>\n\n\t\n\n\t<div id=\"col-1707145576\" class=\"col medium-3 small-12 large-3\"  >\n\t\t\t\t<div class=\"col-inner text-center\"  >\n\t\t\t\n\t\t\t\n<h5 >AUSENCIA DE HUMEDAD ASCENDENTE<\/h5>\n<p>Sin ascensos de humedad desde los cimientos, a\u00fan en casos de napas fre\u00e1ticas superficiales.<\/p>\n\t\t<\/div>\n\t\t\t\t\t<\/div>\n\n\t\n\n\t<div id=\"col-704400160\" class=\"col medium-3 small-12 large-3\"  >\n\t\t\t\t<div class=\"col-inner text-center\"  >\n\t\t\t\n\t\t\t\n<h5 >RESISTENCIA A LA DIFUSI\u00d3N DEL VAPOR DE AGUA<\/h5>\n<p>Gracias a la aislaci\u00f3n t\u00e9rmica continua sin puentes t\u00e9rmicos, evita el riesgo de condensaciones interiores.<\/p>\n\t\t<\/div>\n\t\t\t\t\t<\/div>\n\n\t\n\n\t<div id=\"col-162832559\" class=\"col medium-3 small-12 large-3\"  >\n\t\t\t\t<div class=\"col-inner text-center\"  >\n\t\t\t\n\t\t\t\n<h5 >MENOR NECESIDAD DE EXCAVACIONES<\/h5>\n<p>No precisa m\u00e1s que una platea semirr\u00edgida de fundaci\u00f3n, armada con mallas de acero soldado, simplificando el proceso de fundaciones.<\/p>\n\t\t<\/div>\n\t\t\t\t\t<\/div>\n\n\t\n\n<style>\n#row-429612822 > .col > .col-inner {\n  padding: 20px 0px 0px 0px;\n}\n<\/style>\n<\/div>\n<div class=\"row row-large align-middle\"  id=\"row-1160118537\">\n\n\t<div id=\"col-179432771\" class=\"col medium-3 small-12 large-3\"  >\n\t\t\t\t<div class=\"col-inner text-center\"  >\n\t\t\t\n\t\t\t\n<h5 >BAJO MANTENIMIENTO<\/h5>\n<p>Se reduce notablemente la necesidad de mantenimiento respecto de otros materiales<\/p>\n\t\t<\/div>\n\t\t\t\t\t<\/div>\n\n\t\n\n\t<div id=\"col-1025850085\" class=\"col medium-3 small-12 large-3\"  >\n\t\t\t\t<div class=\"col-inner text-center\"  >\n\t\t\t\n\t\t\t\n<h5 >RESISTENCIA AL FUEGO<\/h5>\n<p>Su resistencia al fuego es superior a F90<\/p>\n\t\t<\/div>\n\t\t\t\t\t<\/div>\n\n\t\n\n\t<div id=\"col-1250942598\" class=\"col medium-3 small-12 large-3\"  >\n\t\t\t\t<div class=\"col-inner text-center\"  >\n\t\t\t\n\t\t\t\n<h5 >RESISTENTE A IMPACTOS<\/h5>\n<p>Gran capacidad de absorci\u00f3n de golpes e impactos.<\/p>\n\t\t<\/div>\n\t\t\t\t\t<\/div>\n\n\t\n\n\t<div id=\"col-666648697\" class=\"col medium-3 small-12 large-3\"  >\n\t\t\t\t<div class=\"col-inner text-center\"  >\n\t\t\t\n\t\t\t\n<h5 >ES INTEGRAL<\/h5>\n<p>Resuelve la mamposter\u00eda, la estructura y la aislaci\u00f3n t\u00e9rmica con el mismo panel.<\/p>\n\t\t<\/div>\n\t\t\t\t\t<\/div>\n\n\t\n\n<style>\n#row-1160118537 > .col > .col-inner {\n  padding: 20px 0px 0px 0px;\n}\n<\/style>\n<\/div>\n<div class=\"row row-large align-middle\"  id=\"row-1488625584\">\n\n<style>\n#row-1488625584 > .col > .col-inner {\n  padding: 20px 0px 0px 0px;\n}\n<\/style>\n<\/div>\n\t\t<\/div>\n\n\t\t\n<style>\n#section_1882598076 {\n  padding-top: 60px;\n  padding-bottom: 60px;\n  background-color: rgb(255, 255, 255);\n}\n<\/style>\n\t<\/section>\n\t\n\t<section class=\"section\" id=\"section_542227104\">\n\t\t<div class=\"bg section-bg fill bg-fill  bg-loaded\" >\n\n\t\t\t\n\t\t\t\n\t\t\t\n\n\t\t<\/div>\n\n\t\t<div class=\"section-content relative\">\n\t\t\t\n<div class=\"row row-large align-middle\"  id=\"row-1058827361\">\n\n\t<div id=\"col-2009091840\" class=\"col small-12 large-12\"  >\n\t\t\t\t<div class=\"col-inner text-center\"  >\n\t\t\t\n\t\t\t\n<h2 style=\"color: #00c86f;\">INFORMACI\u00d3N T\u00c9CNICA<\/h2>\n\t\t<\/div>\n\t\t\t\t\t<\/div>\n\n\t\n<\/div>\n<div class=\"row row-large align-middle hide-for-medium\"  id=\"row-342627358\">\n\n\t<div id=\"col-268954881\" class=\"col medium-2 small-12 large-2\"  >\n\t\t\t\t<div class=\"col-inner text-center\"  >\n\t\t\t\n\t\t\t\n\t<div class=\"img has-hover x md-x lg-x y md-y lg-y\" id=\"image_1156439103\">\n\t\t\t\t\t\t\t\t<div class=\"img-inner dark\" >\n\t\t\t<img loading=\"lazy\" decoding=\"async\" width=\"131\" height=\"131\" src=\"https:\/\/eficons.com\/wp-content\/uploads\/2021\/11\/icono-documento.png\" class=\"attachment-large size-large\" alt=\"\" \/>\t\t\t\t\t\t\n\t\t\t\t\t<\/div>\n\t\t\t\t\t\t\t\t\n<style>\n#image_1156439103 {\n  width: 50%;\n}\n<\/style>\n\t<\/div>\n\t\n<h5 >MANUAL DE<br \/>\nEJECUCI\u00d3N<\/h5>\n<a class=\"button primary is-gradient is-small\"  >\n    <span>descargar<\/span>\n  <\/a>\n\n\t\t<\/div>\n\t\t\t\t\t<\/div>\n\n\t\n\n\t<div id=\"col-49942050\" class=\"col medium-2 small-12 large-2\"  >\n\t\t\t\t<div class=\"col-inner text-center\"  >\n\t\t\t\n\t\t\t\n\t<div class=\"img has-hover x md-x lg-x y md-y lg-y\" id=\"image_732894497\">\n\t\t\t\t\t\t\t\t<div class=\"img-inner dark\" >\n\t\t\t<img loading=\"lazy\" decoding=\"async\" width=\"131\" height=\"131\" src=\"https:\/\/eficons.com\/wp-content\/uploads\/2021\/11\/icono-documento.png\" class=\"attachment-large size-large\" alt=\"\" \/>\t\t\t\t\t\t\n\t\t\t\t\t<\/div>\n\t\t\t\t\t\t\t\t\n<style>\n#image_732894497 {\n  width: 50%;\n}\n<\/style>\n\t<\/div>\n\t\n<h5>CHEQUEOS PREVIOS<\/h5>\n<a href=\"https:\/\/eficons.com\/wp-content\/uploads\/2021\/11\/Concrehaus-Checklist.pdf\" target=\"_self\" class=\"button primary is-gradient is-small\"  >\n    <span>descargar<\/span>\n  <\/a>\n\n\t\t<\/div>\n\t\t\t\t\t<\/div>\n\n\t\n\n\t<div id=\"col-1599967581\" class=\"col medium-2 small-12 large-2\"  >\n\t\t\t\t<div class=\"col-inner text-center\"  >\n\t\t\t\n\t\t\t\n\t<div class=\"img has-hover x md-x lg-x y md-y lg-y\" id=\"image_324873852\">\n\t\t\t\t\t\t\t\t<div class=\"img-inner dark\" >\n\t\t\t<img loading=\"lazy\" decoding=\"async\" width=\"131\" height=\"131\" src=\"https:\/\/eficons.com\/wp-content\/uploads\/2021\/11\/icono-documento.png\" class=\"attachment-large size-large\" alt=\"\" \/>\t\t\t\t\t\t\n\t\t\t\t\t<\/div>\n\t\t\t\t\t\t\t\t\n<style>\n#image_324873852 {\n  width: 50%;\n}\n<\/style>\n\t<\/div>\n\t\n<h5 >INSTRUCTIVO<br \/>\n COLOCACI\u00d3N<\/h5>\n<a href=\"https:\/\/eficons.com\/wp-content\/uploads\/2021\/11\/Concrehaus-Instructivo-de-Colocacion-v1.pdf\" target=\"_self\" class=\"button primary is-gradient is-small\"  >\n    <span>descargar<\/span>\n  <\/a>\n\n\t\t<\/div>\n\t\t\t\t\t<\/div>\n\n\t\n\n\t<div id=\"col-701559443\" class=\"col medium-2 small-12 large-2\"  >\n\t\t\t\t<div class=\"col-inner text-center\"  >\n\t\t\t\n\t\t\t\n\t<div class=\"img has-hover x md-x lg-x y md-y lg-y\" id=\"image_61721415\">\n\t\t\t\t\t\t\t\t<div class=\"img-inner dark\" >\n\t\t\t<img loading=\"lazy\" decoding=\"async\" width=\"131\" height=\"131\" src=\"https:\/\/eficons.com\/wp-content\/uploads\/2021\/11\/icono-documento.png\" class=\"attachment-large size-large\" alt=\"\" \/>\t\t\t\t\t\t\n\t\t\t\t\t<\/div>\n\t\t\t\t\t\t\t\t\n<style>\n#image_61721415 {\n  width: 50%;\n}\n<\/style>\n\t<\/div>\n\t\n<h5 >DETALLES<br \/>\nCONSTRUCTIVOS<\/h5>\n<a href=\"https:\/\/eficons.com\/wp-content\/uploads\/2021\/11\/Concrehaus-Detalles-Constructivos.pdf\" target=\"_self\" class=\"button primary is-gradient is-small\"  >\n    <span>descargar<\/span>\n  <\/a>\n\n\t\t<\/div>\n\t\t\t\t\t<\/div>\n\n\t\n\n\t<div id=\"col-1585882400\" class=\"col medium-2 small-12 large-2\"  >\n\t\t\t\t<div class=\"col-inner text-center\"  >\n\t\t\t\n\t\t\t\n\t<div class=\"img has-hover x md-x lg-x y md-y lg-y\" id=\"image_1376702816\">\n\t\t\t\t\t\t\t\t<div class=\"img-inner dark\" >\n\t\t\t<img loading=\"lazy\" decoding=\"async\" width=\"131\" height=\"131\" src=\"https:\/\/eficons.com\/wp-content\/uploads\/2021\/11\/icono-documento.png\" class=\"attachment-large size-large\" alt=\"\" \/>\t\t\t\t\t\t\n\t\t\t\t\t<\/div>\n\t\t\t\t\t\t\t\t\n<style>\n#image_1376702816 {\n  width: 50%;\n}\n<\/style>\n\t<\/div>\n\t\n<h5 >FICHAS<br \/>\nT\u00c9CNICAS<\/h5>\n<a href=\"https:\/\/eficons.com\/wp-content\/uploads\/2021\/11\/Concrehaus-Fichas-Tecnicas.pdf\" target=\"_self\" class=\"button primary is-gradient is-small\"  >\n    <span>descargar<\/span>\n  <\/a>\n\n\t\t<\/div>\n\t\t\t\t\t<\/div>\n\n\t\n\n\t<div id=\"col-1089913112\" class=\"col medium-2 small-12 large-2\"  >\n\t\t\t\t<div class=\"col-inner text-center\"  >\n\t\t\t\n\t\t\t\n\t<div class=\"img has-hover x md-x lg-x y md-y lg-y\" id=\"image_1276905495\">\n\t\t\t\t\t\t\t\t<div class=\"img-inner dark\" >\n\t\t\t<img loading=\"lazy\" decoding=\"async\" width=\"131\" height=\"131\" src=\"https:\/\/eficons.com\/wp-content\/uploads\/2021\/11\/icono-documento.png\" class=\"attachment-large size-large\" alt=\"\" \/>\t\t\t\t\t\t\n\t\t\t\t\t<\/div>\n\t\t\t\t\t\t\t\t\n<style>\n#image_1276905495 {\n  width: 50%;\n}\n<\/style>\n\t<\/div>\n\t\n<h5 >FICHAS<br \/>\nLEED<\/h5>\n<a href=\"https:\/\/eficons.com\/wp-content\/uploads\/2021\/11\/Concrehaus-Fichas-Leed.pdf\" target=\"_self\" class=\"button primary is-gradient is-small\"  >\n    <span>descargar<\/span>\n  <\/a>\n\n\t\t<\/div>\n\t\t\t\t\t<\/div>\n\n\t\n<\/div>\n<div class=\"row row-large align-middle show-for-small\"  id=\"row-809916835\">\n\n\t<div id=\"col-1371600073\" class=\"col medium-2 small-6 large-2\"  >\n\t\t\t\t<div class=\"col-inner text-center\"  >\n\t\t\t\n\t\t\t\n\t<div class=\"img has-hover x md-x lg-x y md-y lg-y\" id=\"image_588398670\">\n\t\t\t\t\t\t\t\t<div class=\"img-inner dark\" >\n\t\t\t<img loading=\"lazy\" decoding=\"async\" width=\"131\" height=\"131\" src=\"https:\/\/eficons.com\/wp-content\/uploads\/2021\/11\/icono-documento.png\" class=\"attachment-large size-large\" alt=\"\" \/>\t\t\t\t\t\t\n\t\t\t\t\t<\/div>\n\t\t\t\t\t\t\t\t\n<style>\n#image_588398670 {\n  width: 50%;\n}\n<\/style>\n\t<\/div>\n\t\n<h5 >MANUAL DE<br \/>\nEJECUCI\u00d3N<\/h5>\n<a class=\"button primary is-gradient is-small\"  >\n    <span>descargar<\/span>\n  <\/a>\n\n\t\t<\/div>\n\t\t\t\t\t<\/div>\n\n\t\n\n\t<div id=\"col-1920166189\" class=\"col medium-2 small-6 large-2\"  >\n\t\t\t\t<div class=\"col-inner text-center\"  >\n\t\t\t\n\t\t\t\n\t<div class=\"img has-hover x md-x lg-x y md-y lg-y\" id=\"image_666692520\">\n\t\t\t\t\t\t\t\t<div class=\"img-inner dark\" >\n\t\t\t<img loading=\"lazy\" decoding=\"async\" width=\"131\" height=\"131\" src=\"https:\/\/eficons.com\/wp-content\/uploads\/2021\/11\/icono-documento.png\" class=\"attachment-large size-large\" alt=\"\" \/>\t\t\t\t\t\t\n\t\t\t\t\t<\/div>\n\t\t\t\t\t\t\t\t\n<style>\n#image_666692520 {\n  width: 50%;\n}\n<\/style>\n\t<\/div>\n\t\n<h5>CHEQUEOS PREVIOS<\/h5>\n<a href=\"https:\/\/eficons.com\/wp-content\/uploads\/2021\/11\/Concrehaus-Checklist.pdf\" target=\"_self\" class=\"button primary is-gradient is-small\"  >\n    <span>descargar<\/span>\n  <\/a>\n\n\t\t<\/div>\n\t\t\t\t\t<\/div>\n\n\t\n\n\t<div id=\"col-19415188\" class=\"col medium-2 small-6 large-2\"  >\n\t\t\t\t<div class=\"col-inner text-center\"  >\n\t\t\t\n\t\t\t\n\t<div class=\"img has-hover x md-x lg-x y md-y lg-y\" id=\"image_1963233150\">\n\t\t\t\t\t\t\t\t<div class=\"img-inner dark\" >\n\t\t\t<img loading=\"lazy\" decoding=\"async\" width=\"131\" height=\"131\" src=\"https:\/\/eficons.com\/wp-content\/uploads\/2021\/11\/icono-documento.png\" class=\"attachment-large size-large\" alt=\"\" \/>\t\t\t\t\t\t\n\t\t\t\t\t<\/div>\n\t\t\t\t\t\t\t\t\n<style>\n#image_1963233150 {\n  width: 50%;\n}\n<\/style>\n\t<\/div>\n\t\n<h5 >INSTRUCTIVO<br \/>\n COLOCACI\u00d3N<\/h5>\n<a href=\"https:\/\/eficons.com\/wp-content\/uploads\/2021\/11\/Concrehaus-Instructivo-de-Colocacion-v1.pdf\" target=\"_self\" class=\"button primary is-gradient is-small\"  >\n    <span>descargar<\/span>\n  <\/a>\n\n\t\t<\/div>\n\t\t\t\t\t<\/div>\n\n\t\n\n\t<div id=\"col-1371539433\" class=\"col medium-2 small-6 large-2\"  >\n\t\t\t\t<div class=\"col-inner text-center\"  >\n\t\t\t\n\t\t\t\n\t<div class=\"img has-hover x md-x lg-x y md-y lg-y\" id=\"image_597597962\">\n\t\t\t\t\t\t\t\t<div class=\"img-inner dark\" >\n\t\t\t<img loading=\"lazy\" decoding=\"async\" width=\"131\" height=\"131\" src=\"https:\/\/eficons.com\/wp-content\/uploads\/2021\/11\/icono-documento.png\" class=\"attachment-large size-large\" alt=\"\" \/>\t\t\t\t\t\t\n\t\t\t\t\t<\/div>\n\t\t\t\t\t\t\t\t\n<style>\n#image_597597962 {\n  width: 50%;\n}\n<\/style>\n\t<\/div>\n\t\n<h5 >DETALLES<br \/>\nCONSTRUCTIVOS<\/h5>\n<a href=\"https:\/\/eficons.com\/wp-content\/uploads\/2021\/11\/Concrehaus-Detalles-Constructivos.pdf\" target=\"_self\" class=\"button primary is-gradient is-small\"  >\n    <span>descargar<\/span>\n  <\/a>\n\n\t\t<\/div>\n\t\t\t\t\t<\/div>\n\n\t\n\n\t<div id=\"col-1319991980\" class=\"col medium-2 small-6 large-2\"  >\n\t\t\t\t<div class=\"col-inner text-center\"  >\n\t\t\t\n\t\t\t\n\t<div class=\"img has-hover x md-x lg-x y md-y lg-y\" id=\"image_1278451784\">\n\t\t\t\t\t\t\t\t<div class=\"img-inner dark\" >\n\t\t\t<img loading=\"lazy\" decoding=\"async\" width=\"131\" height=\"131\" src=\"https:\/\/eficons.com\/wp-content\/uploads\/2021\/11\/icono-documento.png\" class=\"attachment-large size-large\" alt=\"\" \/>\t\t\t\t\t\t\n\t\t\t\t\t<\/div>\n\t\t\t\t\t\t\t\t\n<style>\n#image_1278451784 {\n  width: 50%;\n}\n<\/style>\n\t<\/div>\n\t\n<h5 >FICHAS<br \/>\nT\u00c9CNICAS<\/h5>\n<a href=\"https:\/\/eficons.com\/wp-content\/uploads\/2021\/11\/Concrehaus-Fichas-Tecnicas.pdf\" target=\"_self\" class=\"button primary is-gradient is-small\"  >\n    <span>descargar<\/span>\n  <\/a>\n\n\t\t<\/div>\n\t\t\t\t\t<\/div>\n\n\t\n\n\t<div id=\"col-680151881\" class=\"col medium-2 small-6 large-2\"  >\n\t\t\t\t<div class=\"col-inner text-center\"  >\n\t\t\t\n\t\t\t\n\t<div class=\"img has-hover x md-x lg-x y md-y lg-y\" id=\"image_1187566502\">\n\t\t\t\t\t\t\t\t<div class=\"img-inner dark\" >\n\t\t\t<img loading=\"lazy\" decoding=\"async\" width=\"131\" height=\"131\" src=\"https:\/\/eficons.com\/wp-content\/uploads\/2021\/11\/icono-documento.png\" class=\"attachment-large size-large\" alt=\"\" \/>\t\t\t\t\t\t\n\t\t\t\t\t<\/div>\n\t\t\t\t\t\t\t\t\n<style>\n#image_1187566502 {\n  width: 50%;\n}\n<\/style>\n\t<\/div>\n\t\n<h5 >FICHAS<br \/>\nLEED<\/h5>\n<a href=\"https:\/\/eficons.com\/wp-content\/uploads\/2021\/11\/Concrehaus-Fichas-Leed.pdf\" target=\"_self\" class=\"button primary is-gradient is-small\"  >\n    <span>descargar<\/span>\n  <\/a>\n\n\t\t<\/div>\n\t\t\t\t\t<\/div>\n\n\t\n<\/div>\n\t\t<\/div>\n\n\t\t\n<style>\n#section_542227104 {\n  padding-top: 60px;\n  padding-bottom: 60px;\n  background-color: rgb(238, 238, 238);\n}\n<\/style>\n\t<\/section>\n\t\n\t<section class=\"section\" id=\"section_1065787823\">\n\t\t<div class=\"bg section-bg fill bg-fill  bg-loaded\" >\n\n\t\t\t\n\t\t\t\n\t\t\t\n\n\t\t<\/div>\n\n\t\t<div class=\"section-content relative\">\n\t\t\t\n<div class=\"row row-large align-center row-divided\"  id=\"row-530821834\">\n\n\t<div id=\"col-677857799\" class=\"col medium-6 large-6\"  >\n\t\t\t\t<div class=\"col-inner\"  >\n\t\t\t\n\t\t\t\n\t<div id=\"text-2433143972\" class=\"text\">\n\t\t\n<h2 style=\"color: #00c86f;\" id=\"sustentabilidad\">CONSTRUCCION SUSTENTABLE<\/h2>\n\t\t\n<style>\n#text-2433143972 {\n  text-align: left;\n}\n<\/style>\n\t<\/div>\n\t\n\t<div id=\"gap-1333661609\" class=\"gap-element clearfix\" style=\"display:block; height:auto;\">\n\t\t\n<style>\n#gap-1333661609 {\n  padding-top: 15px;\n}\n<\/style>\n\t<\/div>\n\t\n<p>Los paneles Concrehaus proporcionan una excelente aislaci\u00f3n t\u00e9rmica que sobrepasa los requerimientos pr\u00e1cticos y normativos, siendo 4 veces mejor que el sistema tradicional en espesores menores.<\/p>\n<p>Estos desempe\u00f1os t\u00e9rmicos contribuyen a disminuir los costos hasta un 70% tanto en verano como en invierno, mejorando inclusive el valor del inmueble ante una posible venta y colaborando con la sustentabilidad del proyecto.<\/p>\n\t\t<\/div>\n\t\t\t\t\t<\/div>\n\n\t\n\n\t<div id=\"col-2123104242\" class=\"col medium-6 large-6\"  >\n\t\t\t\t<div class=\"col-inner text-center\"  >\n\t\t\t\n\t\t\t\n\t<div class=\"img has-hover x md-x lg-x y md-y lg-y\" id=\"image_787635253\">\n\t\t\t\t\t\t\t\t<div class=\"img-inner dark\" >\n\t\t\t<img loading=\"lazy\" decoding=\"async\" width=\"351\" height=\"351\" src=\"https:\/\/eficons.com\/wp-content\/uploads\/2021\/11\/sustentabilidad_img.png\" class=\"attachment-large size-large\" alt=\"\" srcset=\"https:\/\/eficons.com\/wp-content\/uploads\/2021\/11\/sustentabilidad_img.png 351w, https:\/\/eficons.com\/wp-content\/uploads\/2021\/11\/sustentabilidad_img-300x300.png 300w, https:\/\/eficons.com\/wp-content\/uploads\/2021\/11\/sustentabilidad_img-150x150.png 150w\" sizes=\"auto, (max-width: 351px) 100vw, 351px\" \/>\t\t\t\t\t\t\n\t\t\t\t\t<\/div>\n\t\t\t\t\t\t\t\t\n<style>\n#image_787635253 {\n  width: 55%;\n}\n<\/style>\n\t<\/div>\n\t\n\t\t<\/div>\n\t\t\t\t\t<\/div>\n\n\t\n<\/div>\n\t\t<\/div>\n\n\t\t\n<style>\n#section_1065787823 {\n  padding-top: 60px;\n  padding-bottom: 60px;\n  background-color: rgb(255, 255, 255);\n}\n<\/style>\n\t<\/section>\n\t\n","protected":false},"excerpt":{"rendered":"","protected":false},"author":1,"featured_media":0,"parent":0,"menu_order":0,"comment_status":"closed","ping_status":"closed","template":"page-blank.php","meta":{"footnotes":""},"class_list":["post-233","page","type-page","status-publish","hentry"],"_links":{"self":[{"href":"https:\/\/eficons.com\/index.php?rest_route=\/wp\/v2\/pages\/233","targetHints":{"allow":["GET"]}}],"collection":[{"href":"https:\/\/eficons.com\/index.php?rest_route=\/wp\/v2\/pages"}],"about":[{"href":"https:\/\/eficons.com\/index.php?rest_route=\/wp\/v2\/types\/page"}],"author":[{"embeddable":true,"href":"https:\/\/eficons.com\/index.php?rest_route=\/wp\/v2\/users\/1"}],"replies":[{"embeddable":true,"href":"https:\/\/eficons.com\/index.php?rest_route=%2Fwp%2Fv2%2Fcomments&post=233"}],"version-history":[{"count":105,"href":"https:\/\/eficons.com\/index.php?rest_route=\/wp\/v2\/pages\/233\/revisions"}],"predecessor-version":[{"id":675,"href":"https:\/\/eficons.com\/index.php?rest_route=\/wp\/v2\/pages\/233\/revisions\/675"}],"wp:attachment":[{"href":"https:\/\/eficons.com\/index.php?rest_route=%2Fwp%2Fv2%2Fmedia&parent=233"}],"curies":[{"name":"wp","href":"https:\/\/api.w.org\/{rel}","templated":true}]}}