{"id":193,"date":"2021-11-20T15:20:17","date_gmt":"2021-11-20T18:20:17","guid":{"rendered":"https:\/\/eficons.com\/?page_id=193"},"modified":"2022-01-05T16:46:56","modified_gmt":"2022-01-05T19:46:56","slug":"quienes-somos","status":"publish","type":"page","link":"https:\/\/eficons.com\/?page_id=193","title":{"rendered":"Quienes Somos"},"content":{"rendered":"\t<section class=\"section\" id=\"section_1697749260\">\n\t\t<div class=\"bg section-bg fill bg-fill  bg-loaded\" >\n\n\t\t\t\n\t\t\t\n\t\t\t\n\n\t\t<\/div>\n\n\t\t<div class=\"section-content relative\">\n\t\t\t\n<div class=\"row row-large align-center row-divided\"  id=\"row-2047635099\">\n\n\t<div id=\"col-111743081\" class=\"col large-12\"  >\n\t\t\t\t<div class=\"col-inner text-center\"  >\n\t\t\t\n\t\t\t\n\t<div id=\"gap-99862417\" class=\"gap-element clearfix\" style=\"display:block; height:auto;\">\n\t\t\n<style>\n#gap-99862417 {\n  padding-top: 30px;\n}\n<\/style>\n\t<\/div>\n\t\n\t<div id=\"text-1206993501\" class=\"text\">\n\t\t\n<h1 style=\"color: #ffffff\">QUI\u00c9NES SOMOS<\/h1>\n\t\t\n<style>\n#text-1206993501 {\n  text-align: center;\n}\n<\/style>\n\t<\/div>\n\t\n\t\t<\/div>\n\t\t\t\t\n<style>\n#col-111743081 > .col-inner {\n  padding: 20px 0px 20px 0px;\n}\n<\/style>\n\t<\/div>\n\n\t\n<\/div>\n\t\t<\/div>\n\n\t\t\n<style>\n#section_1697749260 {\n  padding-top: 0px;\n  padding-bottom: 0px;\n  background-color: rgb(0, 200, 111);\n}\n<\/style>\n\t<\/section>\n\t\n\t<section class=\"section\" id=\"section_60446054\">\n\t\t<div class=\"bg section-bg fill bg-fill  bg-loaded\" >\n\n\t\t\t\n\t\t\t\n\t\t\t\n\n\t\t<\/div>\n\n\t\t<div class=\"section-content relative\">\n\t\t\t\n<div class=\"row row-large align-center row-divided\"  id=\"row-2001801762\">\n\n\t<div id=\"col-743436783\" class=\"col medium-6 large-6\"  >\n\t\t\t\t<div class=\"col-inner\"  >\n\t\t\t\n\t\t\t\n<p>Somos una empresa constructora fundada en el a\u00f1o 2014, ubicada en la ciudad de Casilda, sur de la provincia de Santa Fe. Contamos con m\u00e1s de 6 a\u00f1os de experiencia en el rubro desarrollando productos innovadores y sustentables.<\/p>\n<p><strong>Nos dedicamos a crear, desarrollar y comercializar proyectos de construcci\u00f3n en Casilda y sus alrededores,<\/strong> para lo cual contamos con un equipo de trabajo en constante capacitaci\u00f3n que nos permite evolucionar y estar en una transformaci\u00f3n continua para responder a las \u00faltimas novedades del mercado y as\u00ed poder brindar soluciones constructivas eficientes.<\/p>\n<p>Trabajamos con el compromiso de satisfacer las necesidades de nuestros clientes generando bienes y calidad de vida, teniendo en cuenta la relaci\u00f3n tiempo-calidad-precio a la hora de llevar adelante los proyectos. <\/p>\n<p>Desde Eficons estamos comprometidos con la naturaleza y ayudamos al cuidado del medio ambiente realizando arquitecturas sustentables con el uso de paneles monol\u00edticos.  En la arquitectura y la construcci\u00f3n se apunta a que el impacto en el medio ambiente sea el menor y a que se programen, proyecten, dise\u00f1en, construyan y reciclen obras sostenibles para el hombre y el medio.<\/p>\n\t\t<\/div>\n\t\t\t\t\t<\/div>\n\n\t\n\n\t<div id=\"col-1148540592\" class=\"col medium-6 large-6\"  >\n\t\t\t\t<div class=\"col-inner\"  >\n\t\t\t\n\t\t\t\n\t<div class=\"img has-hover x md-x lg-x y md-y lg-y\" id=\"image_1563587751\">\n\t\t\t\t\t\t\t\t<div class=\"img-inner dark\" >\n\t\t\t<img loading=\"lazy\" decoding=\"async\" width=\"1020\" height=\"529\" src=\"https:\/\/eficons.com\/wp-content\/uploads\/2022\/01\/abs-home-1.jpg\" class=\"attachment-large size-large\" alt=\"\" srcset=\"https:\/\/eficons.com\/wp-content\/uploads\/2022\/01\/abs-home-1.jpg 1024w, https:\/\/eficons.com\/wp-content\/uploads\/2022\/01\/abs-home-1-300x156.jpg 300w, https:\/\/eficons.com\/wp-content\/uploads\/2022\/01\/abs-home-1-768x398.jpg 768w\" sizes=\"auto, (max-width: 1020px) 100vw, 1020px\" \/>\t\t\t\t\t\t\n\t\t\t\t\t<\/div>\n\t\t\t\t\t\t\t\t\n<style>\n#image_1563587751 {\n  width: 100%;\n}\n<\/style>\n\t<\/div>\n\t\n\t<div id=\"gap-265563400\" class=\"gap-element clearfix\" style=\"display:block; height:auto;\">\n\t\t\n<style>\n#gap-265563400 {\n  padding-top: 50px;\n}\n<\/style>\n\t<\/div>\n\t\n\t<div class=\"img has-hover x md-x lg-x y md-y lg-y\" id=\"image_1314525796\">\n\t\t\t\t\t\t\t\t<div class=\"img-inner dark\" >\n\t\t\t<img loading=\"lazy\" decoding=\"async\" width=\"1020\" height=\"529\" src=\"https:\/\/eficons.com\/wp-content\/uploads\/2022\/01\/abs-home-2.jpg\" class=\"attachment-large size-large\" alt=\"\" srcset=\"https:\/\/eficons.com\/wp-content\/uploads\/2022\/01\/abs-home-2.jpg 1024w, https:\/\/eficons.com\/wp-content\/uploads\/2022\/01\/abs-home-2-300x156.jpg 300w, https:\/\/eficons.com\/wp-content\/uploads\/2022\/01\/abs-home-2-768x398.jpg 768w\" sizes=\"auto, (max-width: 1020px) 100vw, 1020px\" \/>\t\t\t\t\t\t\n\t\t\t\t\t<\/div>\n\t\t\t\t\t\t\t\t\n<style>\n#image_1314525796 {\n  width: 100%;\n}\n<\/style>\n\t<\/div>\n\t\n\t\t<\/div>\n\t\t\t\t\t<\/div>\n\n\t\n<\/div>\n\t\t<\/div>\n\n\t\t\n<style>\n#section_60446054 {\n  padding-top: 60px;\n  padding-bottom: 60px;\n  background-color: rgb(255, 255, 255);\n}\n<\/style>\n\t<\/section>\n\t\n","protected":false},"excerpt":{"rendered":"","protected":false},"author":1,"featured_media":0,"parent":0,"menu_order":0,"comment_status":"closed","ping_status":"closed","template":"page-blank.php","meta":{"footnotes":""},"class_list":["post-193","page","type-page","status-publish","hentry"],"_links":{"self":[{"href":"https:\/\/eficons.com\/index.php?rest_route=\/wp\/v2\/pages\/193","targetHints":{"allow":["GET"]}}],"collection":[{"href":"https:\/\/eficons.com\/index.php?rest_route=\/wp\/v2\/pages"}],"about":[{"href":"https:\/\/eficons.com\/index.php?rest_route=\/wp\/v2\/types\/page"}],"author":[{"embeddable":true,"href":"https:\/\/eficons.com\/index.php?rest_route=\/wp\/v2\/users\/1"}],"replies":[{"embeddable":true,"href":"https:\/\/eficons.com\/index.php?rest_route=%2Fwp%2Fv2%2Fcomments&post=193"}],"version-history":[{"count":36,"href":"https:\/\/eficons.com\/index.php?rest_route=\/wp\/v2\/pages\/193\/revisions"}],"predecessor-version":[{"id":667,"href":"https:\/\/eficons.com\/index.php?rest_route=\/wp\/v2\/pages\/193\/revisions\/667"}],"wp:attachment":[{"href":"https:\/\/eficons.com\/index.php?rest_route=%2Fwp%2Fv2%2Fmedia&parent=193"}],"curies":[{"name":"wp","href":"https:\/\/api.w.org\/{rel}","templated":true}]}}